{"id":81720,"date":"2022-03-04T04:20:02","date_gmt":"2022-03-04T04:20:02","guid":{"rendered":"https:\/\/wp.plan-it-all.in\/?page_id=81720"},"modified":"2022-03-04T04:20:03","modified_gmt":"2022-03-04T04:20:03","slug":"contact","status":"publish","type":"page","link":"https:\/\/wp.plan-it-all.in\/fr\/contact\/","title":{"rendered":"Contact"},"content":{"rendered":"<div class=\"fusion-fullwidth fullwidth-box fusion-builder-row-1 fusion-flex-container hundred-percent-fullwidth non-hundred-percent-height-scrolling\" style=\"--awb-border-radius-top-left:0px;--awb-border-radius-top-right:0px;--awb-border-radius-bottom-right:0px;--awb-border-radius-bottom-left:0px;--awb-padding-right:0px;--awb-padding-left:2px;--awb-margin-top:40px;--awb-flex-wrap:wrap;\" ><div class=\"fusion-builder-row fusion-row fusion-flex-align-items-stretch fusion-flex-content-wrap\" style=\"width:calc( 100% + 0px ) !important;max-width:calc( 100% + 0px ) !important;margin-left: calc(-0px \/ 2 );margin-right: calc(-0px \/ 2 );\"><div class=\"fusion-layout-column fusion_builder_column fusion-builder-column-0 fusion_builder_column_1_2 1_2 fusion-flex-column\" style=\"--awb-padding-top:120px;--awb-padding-right:120px;--awb-padding-bottom:120px;--awb-padding-left:120px;--awb-bg-position:center center;--awb-bg-size:cover;--awb-width-large:50%;--awb-margin-top-large:0px;--awb-spacing-right-large:0px;--awb-margin-bottom-large:0px;--awb-spacing-left-large:0px;--awb-width-medium:33.333333333333%;--awb-order-medium:0;--awb-spacing-right-medium:0px;--awb-spacing-left-medium:0px;--awb-width-small:100%;--awb-order-small:0;--awb-spacing-right-small:0px;--awb-spacing-left-small:0px;\"><div class=\"fusion-column-wrapper lazyload fusion-column-has-shadow fusion-flex-justify-content-center fusion-content-layout-column fusion-column-has-bg-image\" data-bg-url=\"https:\/\/wp.plan-it-all.in\/wp-content\/uploads\/2020\/06\/content-4.jpg\" data-bg=\"https:\/\/wp.plan-it-all.in\/wp-content\/uploads\/2020\/06\/content-4.jpg\"><div class=\"fusion-separator fusion-full-width-sep\" style=\"align-self: center;margin-left: auto;margin-right: auto;width:100%;\"><\/div><\/div><\/div><div class=\"fusion-layout-column fusion_builder_column fusion-builder-column-1 fusion_builder_column_1_2 1_2 fusion-flex-column\" style=\"--awb-padding-top:8vw;--awb-padding-right:8vw;--awb-padding-bottom:8vw;--awb-padding-left:8vw;--awb-padding-top-small:60px;--awb-padding-right-small:60px;--awb-padding-bottom-small:60px;--awb-padding-left-small:60px;--awb-bg-color:#ffffff;--awb-bg-color-hover:#ffffff;--awb-bg-size:cover;--awb-width-large:50%;--awb-margin-top-large:0px;--awb-spacing-right-large:0px;--awb-margin-bottom-large:0px;--awb-spacing-left-large:0px;--awb-width-medium:66.666666666667%;--awb-order-medium:0;--awb-spacing-right-medium:0px;--awb-spacing-left-medium:0px;--awb-width-small:100%;--awb-order-small:0;--awb-spacing-right-small:0px;--awb-spacing-left-small:0px;\"><div class=\"fusion-column-wrapper fusion-column-has-shadow fusion-flex-justify-content-center fusion-content-layout-column\"><style>abbr.fusion-form-element-required {\r\n    text-decoration: auto;\r\n}<\/style><div class=\"fusion-form fusion-form-builder fusion-form-form-wrapper fusion-form-82850\" style=\"--awb-tooltip-text-color:#ffffff;--awb-tooltip-background-color:#333333;\" data-form-id=\"82850\" data-config=\"{&quot;form_id&quot;:82850,&quot;form_post_id&quot;:82850,&quot;post_id&quot;:81720,&quot;form_type&quot;:&quot;ajax&quot;,&quot;confirmation_type&quot;:&quot;message&quot;,&quot;redirect_url&quot;:&quot;&quot;,&quot;field_labels&quot;:{&quot;Votre nom&quot;:&quot;Votre nom&quot;,&quot;Adresse email&quot;:&quot;Adresse email&quot;,&quot;Sujet&quot;:&quot;Sujet&quot;,&quot;Message&quot;:&quot;Message&quot;},&quot;field_logics&quot;:{&quot;Votre nom&quot;:&quot;&quot;,&quot;Adresse email&quot;:&quot;&quot;,&quot;Sujet&quot;:&quot;&quot;,&quot;Message&quot;:&quot;&quot;,&quot;notice_1&quot;:&quot;&quot;},&quot;field_types&quot;:{&quot;Votre nom&quot;:&quot;text&quot;,&quot;Adresse email&quot;:&quot;email&quot;,&quot;Sujet&quot;:&quot;text&quot;,&quot;Message&quot;:&quot;textarea&quot;,&quot;notice_1&quot;:&quot;notice&quot;,&quot;submit_1&quot;:&quot;submit&quot;},&quot;nonce_method&quot;:&quot;ajax&quot;}\"><form action=\"https:\/\/wp.plan-it-all.in\/fr\/contact\/\" method=\"post\" class=\"fusion-form fusion-form-82850\"><div class=\"fusion-fullwidth fullwidth-box fusion-builder-row-1-1 fusion-flex-container nonhundred-percent-fullwidth non-hundred-percent-height-scrolling\" style=\"--awb-border-radius-top-left:0px;--awb-border-radius-top-right:0px;--awb-border-radius-bottom-right:0px;--awb-border-radius-bottom-left:0px;--awb-padding-top:0px;--awb-padding-right:0px;--awb-padding-bottom:0px;--awb-padding-left:0px;--awb-margin-top:0px;--awb-margin-bottom:0px;--awb-flex-wrap:wrap;\" ><div class=\"fusion-builder-row fusion-row fusion-flex-align-items-flex-start fusion-flex-content-wrap\" style=\"width:103% !important;max-width:103% !important;margin-left: calc(-3% \/ 2 );margin-right: calc(-3% \/ 2 );\"><div class=\"fusion-layout-column fusion_builder_column fusion-builder-column-2 fusion_builder_column_1_1 1_1 fusion-flex-column\" style=\"--awb-bg-size:cover;--awb-width-large:100%;--awb-margin-top-large:0px;--awb-spacing-right-large:1.455%;--awb-margin-bottom-large:0px;--awb-spacing-left-large:1.455%;--awb-width-medium:100%;--awb-order-medium:0;--awb-spacing-right-medium:1.455%;--awb-spacing-left-medium:1.455%;--awb-width-small:100%;--awb-order-small:0;--awb-spacing-right-small:1.455%;--awb-spacing-left-small:1.455%;\"><div class=\"fusion-column-wrapper fusion-column-has-shadow fusion-flex-justify-content-flex-start fusion-content-layout-column\"><div class=\"fusion-form-field fusion-form-text-field fusion-form-label-above\" style=\"\" data-form-id=\"82850\"><div class=\"fusion-form-label-wrapper\"><label for=\"Votre nom\">Votre nom <abbr class=\"fusion-form-element-required\" title=\"required\">*<\/abbr><\/label><\/div><input type=\"text\" name=\"Votre nom\" id=\"Votre nom\" value=\"\"  class=\"fusion-form-input\" required=\"true\" aria-required=\"true\" data-holds-private-data=\"false\" minlength=\"0\"\/><\/div><div class=\"fusion-form-field fusion-form-email-field fusion-form-label-above\" style=\"\" data-form-id=\"82850\"><div class=\"fusion-form-label-wrapper\"><label for=\"Adresse email\">Adresse email <abbr class=\"fusion-form-element-required\" title=\"required\">*<\/abbr><\/label><\/div><input type=\"email\" name=\"Adresse email\" id=\"Adresse email\" value=\"\"  class=\"fusion-form-input\" required=\"true\" aria-required=\"true\" data-holds-private-data=\"false\"\/><\/div><div class=\"fusion-form-field fusion-form-text-field fusion-form-label-above\" style=\"\" data-form-id=\"82850\"><div class=\"fusion-form-label-wrapper\"><label for=\"Sujet\">Sujet<\/label><\/div><input type=\"text\" name=\"Sujet\" id=\"Sujet\" value=\"\"  class=\"fusion-form-input\" data-holds-private-data=\"false\" minlength=\"0\"\/><\/div><div class=\"fusion-form-field fusion-form-textarea-field fusion-form-label-above\" style=\"\" data-form-id=\"82850\"><label for=\"Message\">Message <abbr class=\"fusion-form-element-required\" title=\"required\">*<\/abbr><\/label><textarea cols=\"40\"  minlength=\"0\"  rows=\"4\" tabindex=\"\" id=\"Message\" name=\"Message\" class=\"fusion-form-input\" required=\"true\" aria-required=\"true\" data-holds-private-data=\"false\"><\/textarea><\/div><div class=\"form-submission-notices data-notice_1\" id=\"fusion-notices-1\"><div class=\"fusion-alert alert success alert-success fusion-alert-center fusion-form-response fusion-form-response-success awb-alert-native-link-color alert-dismissable awb-alert-close-boxed\" role=\"alert\"><div class=\"fusion-alert-content-wrapper\"><span class=\"alert-icon\"><i class=\"awb-icon-check-circle\" aria-hidden=\"true\"><\/i><\/span><span class=\"fusion-alert-content\">Merci pour votre message. Il a \u00e9t\u00e9 envoy\u00e9.<\/span><\/div><button type=\"button\" class=\"close toggle-alert\" data-dismiss=\"alert\" aria-label=\"Close\">&times;<\/button><\/div><div class=\"fusion-alert alert error alert-danger fusion-alert-center fusion-form-response fusion-form-response-error awb-alert-native-link-color alert-dismissable awb-alert-close-boxed\" role=\"alert\"><div class=\"fusion-alert-content-wrapper\"><span class=\"alert-icon\"><i class=\"awb-icon-exclamation-triangle\" aria-hidden=\"true\"><\/i><\/span><span class=\"fusion-alert-content\">There was an error trying to send your message. Please try again later.<\/span><\/div><button type=\"button\" class=\"close toggle-alert\" data-dismiss=\"alert\" aria-label=\"Close\">&times;<\/button><\/div><\/div><div class=\"fusion-form-field fusion-form-submit-field fusion-form-label-above\" style=\"\" data-form-id=\"82850\"><div ><button type=\"submit\" class=\"fusion-button button-flat fusion-button-default-size button-default fusion-button-default button-1 fusion-button-default-span  form-form-submit button-default\" data-form-number=\"82850\" tabindex=\"\"><span class=\"fusion-button-text\">Envoyer<\/span><\/button><\/div><\/div><\/div><\/div><\/div><\/div><\/form><\/div><\/div><\/div><\/div><\/div>\n","protected":false},"excerpt":{"rendered":"","protected":false},"author":6,"featured_media":0,"parent":0,"menu_order":0,"comment_status":"closed","ping_status":"closed","template":"100-width.php","meta":{"footnotes":""},"class_list":["post-81720","page","type-page","status-publish","hentry"],"acf":[],"yoast_head":"<!-- This site is optimized with the Yoast SEO plugin v22.0 - https:\/\/yoast.com\/wordpress\/plugins\/seo\/ -->\n<title>Contact - Plan It All<\/title>\n<meta name=\"robots\" content=\"index, follow, max-snippet:-1, max-image-preview:large, max-video-preview:-1\" \/>\n<link rel=\"canonical\" href=\"https:\/\/wp.plan-it-all.in\/fr\/contact\/\" \/>\n<meta property=\"og:locale\" content=\"fr_FR\" \/>\n<meta property=\"og:type\" content=\"article\" \/>\n<meta property=\"og:title\" content=\"Contact - Plan It All\" \/>\n<meta property=\"og:url\" content=\"https:\/\/wp.plan-it-all.in\/fr\/contact\/\" \/>\n<meta property=\"og:site_name\" content=\"Plan It All\" \/>\n<meta property=\"article:modified_time\" content=\"2022-03-04T04:20:03+00:00\" \/>\n<meta name=\"twitter:card\" content=\"summary_large_image\" \/>\n<meta name=\"twitter:label1\" content=\"Dur\u00e9e de lecture estim\u00e9e\" \/>\n\t<meta name=\"twitter:data1\" content=\"3 minutes\" \/>\n<script type=\"application\/ld+json\" class=\"yoast-schema-graph\">{\"@context\":\"https:\/\/schema.org\",\"@graph\":[{\"@type\":\"WebPage\",\"@id\":\"https:\/\/wp.plan-it-all.in\/fr\/contact\/\",\"url\":\"https:\/\/wp.plan-it-all.in\/fr\/contact\/\",\"name\":\"Contact - Plan It All\",\"isPartOf\":{\"@id\":\"https:\/\/wp.plan-it-all.in\/#website\"},\"datePublished\":\"2022-03-04T04:20:02+00:00\",\"dateModified\":\"2022-03-04T04:20:03+00:00\",\"breadcrumb\":{\"@id\":\"https:\/\/wp.plan-it-all.in\/fr\/contact\/#breadcrumb\"},\"inLanguage\":\"fr-FR\",\"potentialAction\":[{\"@type\":\"ReadAction\",\"target\":[\"https:\/\/wp.plan-it-all.in\/fr\/contact\/\"]}]},{\"@type\":\"BreadcrumbList\",\"@id\":\"https:\/\/wp.plan-it-all.in\/fr\/contact\/#breadcrumb\",\"itemListElement\":[{\"@type\":\"ListItem\",\"position\":1,\"name\":\"Home\",\"item\":\"https:\/\/wp.plan-it-all.in\/fr\/\"},{\"@type\":\"ListItem\",\"position\":2,\"name\":\"Contact\"}]},{\"@type\":\"WebSite\",\"@id\":\"https:\/\/wp.plan-it-all.in\/#website\",\"url\":\"https:\/\/wp.plan-it-all.in\/\",\"name\":\"Plan It All\",\"description\":\"\",\"potentialAction\":[{\"@type\":\"SearchAction\",\"target\":{\"@type\":\"EntryPoint\",\"urlTemplate\":\"https:\/\/wp.plan-it-all.in\/?s={search_term_string}\"},\"query-input\":\"required name=search_term_string\"}],\"inLanguage\":\"fr-FR\"}]}<\/script>\n<!-- \/ Yoast SEO plugin. -->","yoast_head_json":{"title":"Contact - Plan It All","robots":{"index":"index","follow":"follow","max-snippet":"max-snippet:-1","max-image-preview":"max-image-preview:large","max-video-preview":"max-video-preview:-1"},"canonical":"https:\/\/wp.plan-it-all.in\/fr\/contact\/","og_locale":"fr_FR","og_type":"article","og_title":"Contact - Plan It All","og_url":"https:\/\/wp.plan-it-all.in\/fr\/contact\/","og_site_name":"Plan It All","article_modified_time":"2022-03-04T04:20:03+00:00","twitter_card":"summary_large_image","twitter_misc":{"Dur\u00e9e de lecture estim\u00e9e":"3 minutes"},"schema":{"@context":"https:\/\/schema.org","@graph":[{"@type":"WebPage","@id":"https:\/\/wp.plan-it-all.in\/fr\/contact\/","url":"https:\/\/wp.plan-it-all.in\/fr\/contact\/","name":"Contact - Plan It All","isPartOf":{"@id":"https:\/\/wp.plan-it-all.in\/#website"},"datePublished":"2022-03-04T04:20:02+00:00","dateModified":"2022-03-04T04:20:03+00:00","breadcrumb":{"@id":"https:\/\/wp.plan-it-all.in\/fr\/contact\/#breadcrumb"},"inLanguage":"fr-FR","potentialAction":[{"@type":"ReadAction","target":["https:\/\/wp.plan-it-all.in\/fr\/contact\/"]}]},{"@type":"BreadcrumbList","@id":"https:\/\/wp.plan-it-all.in\/fr\/contact\/#breadcrumb","itemListElement":[{"@type":"ListItem","position":1,"name":"Home","item":"https:\/\/wp.plan-it-all.in\/fr\/"},{"@type":"ListItem","position":2,"name":"Contact"}]},{"@type":"WebSite","@id":"https:\/\/wp.plan-it-all.in\/#website","url":"https:\/\/wp.plan-it-all.in\/","name":"Plan It All","description":"","potentialAction":[{"@type":"SearchAction","target":{"@type":"EntryPoint","urlTemplate":"https:\/\/wp.plan-it-all.in\/?s={search_term_string}"},"query-input":"required name=search_term_string"}],"inLanguage":"fr-FR"}]}},"_links":{"self":[{"href":"https:\/\/wp.plan-it-all.in\/fr\/wp-json\/wp\/v2\/pages\/81720","targetHints":{"allow":["GET"]}}],"collection":[{"href":"https:\/\/wp.plan-it-all.in\/fr\/wp-json\/wp\/v2\/pages"}],"about":[{"href":"https:\/\/wp.plan-it-all.in\/fr\/wp-json\/wp\/v2\/types\/page"}],"author":[{"embeddable":true,"href":"https:\/\/wp.plan-it-all.in\/fr\/wp-json\/wp\/v2\/users\/6"}],"replies":[{"embeddable":true,"href":"https:\/\/wp.plan-it-all.in\/fr\/wp-json\/wp\/v2\/comments?post=81720"}],"version-history":[{"count":1,"href":"https:\/\/wp.plan-it-all.in\/fr\/wp-json\/wp\/v2\/pages\/81720\/revisions"}],"predecessor-version":[{"id":81721,"href":"https:\/\/wp.plan-it-all.in\/fr\/wp-json\/wp\/v2\/pages\/81720\/revisions\/81721"}],"wp:attachment":[{"href":"https:\/\/wp.plan-it-all.in\/fr\/wp-json\/wp\/v2\/media?parent=81720"}],"curies":[{"name":"wp","href":"https:\/\/api.w.org\/{rel}","templated":true}]}}